{"id":79,"date":"2021-02-13T09:06:21","date_gmt":"2021-02-13T09:06:21","guid":{"rendered":"https:\/\/www.cannadour.lu\/?page_id=79"},"modified":"2022-09-24T14:00:16","modified_gmt":"2022-09-24T14:00:16","slug":"links","status":"publish","type":"page","link":"https:\/\/www.cannadour.lu\/fr\/links\/","title":{"rendered":"Liens"},"content":{"rendered":"<h3 class=\"wp-block-heading\">G\u00e9n\u00e9ral<\/h3>\n\n\n\n<p><a href=\"http:\/\/beo.lu\" data-type=\"URL\" data-id=\"beo.lu\" target=\"_blank\" rel=\"noreferrer noopener\">Ourdaller Produkte<\/a> : Plus de produits r\u00e9gionaux (chanvre, sarrasin, etc. ) issus du Nord du Luxembourg<\/p>\n\n\n\n<p><a href=\"http:\/\/cannamedica.lu\" data-type=\"URL\" data-id=\"cannamedica.lu\" target=\"_blank\" rel=\"noreferrer noopener\">Cannamedica Luxembourg a.s.b.l.<\/a> : Beaucoup d'informations int\u00e9ressantes sur l'usage m\u00e9dicinal du chanvre<\/p>\n\n\n\n<h3 class=\"wp-block-heading\">Articles de presse<\/h3>\n\n\n\n<p>Saarlandrundfunk &#8222;Gewissens-Guerillas&#8220; am 12 September 2022 : <a href=\"https:\/\/www.youtube.com\/watch?v=OK2IEqmJRFg\" data-type=\"URL\" data-id=\"https:\/\/www.youtube.com\/watch?v=OK2IEqmJRFg\">Bl\u00fchende Zukunft f\u00fcr Hanf?<\/a><\/p>\n\n\n\n<p>L\u00ebtzebuerger Land am 18 Dezember 2020 : <a rel=\"noreferrer noopener\" href=\"https:\/\/www.land.lu\/page\/article\/591\/337591\/DEU\/index.html\" data-type=\"URL\" data-id=\"https:\/\/www.land.lu\/page\/article\/591\/337591\/DEU\/index.html\" target=\"_blank\">Prophet im eigenen Land<\/a><\/p>\n\n\n\n<p>Paperjam am 6 November 2019 : <a rel=\"noreferrer noopener\" href=\"https:\/\/paperjam.lu\/article\/cannabis-made-in-luxembourg\" target=\"_blank\">Du cannabis \u00abmade in Luxembourg\u00bb?<\/a><\/p>\n\n\n\n<p>Luxemburger Wort am 27 Juni 2019 :  <a rel=\"noreferrer noopener\" href=\"https:\/\/www.wort.lu\/fr\/luxembourg\/le-chanvre-c-est-toute-ma-vie-5d1375f4da2cc1784e346c9a\" data-type=\"URL\" data-id=\"https:\/\/www.wort.lu\/fr\/luxembourg\/le-chanvre-c-est-toute-ma-vie-5d1375f4da2cc1784e346c9a\" target=\"_blank\">\u00abLe chanvre, c&#8217;est toute ma vie\u00bb<\/a><\/p>\n\n\n\n<p>Paperjam am 6 November 2019 : <a rel=\"noreferrer noopener\" href=\"https:\/\/paperjam.lu\/article\/cannabis-made-in-luxembourg\" target=\"_blank\">Du cannabis \u00abmade in Luxembourg\u00bb<\/a><\/p>\n\n\n\n<p>Delano am 2 September 2018 : <a rel=\"noreferrer noopener\" href=\"https:\/\/delano.lu\/d\/detail\/news\/building-hempire\/188954\" data-type=\"URL\" data-id=\"https:\/\/delano.lu\/d\/detail\/news\/building-hempire\/188954\" target=\"_blank\">Building a hempire<\/a><\/p>\n\n\n\n<p>Revue am 25 Oktober 2016 : <a rel=\"noreferrer noopener\" href=\"https:\/\/www.revue.lu\/die-wunderpflanze\/\" data-type=\"URL\" data-id=\"https:\/\/www.revue.lu\/die-wunderpflanze\/\" target=\"_blank\">Die Wunderpflanze<\/a><\/p>\n\n\n\n<p><\/p>","protected":false},"excerpt":{"rendered":"<p>Allgemein Ourdaller Produkte : Weitere regionale Produkte (Hanf, Buchweizen, u.v.m.) aus dem Norden Luxemburg Cannamedica Luxembourg a.s.b.l. : Viele interessante Informationen \u00fcber die medizinischen Nutzen der Hanfpflanze (auf Franz\u00f6sisch) Presseartikel Saarlandrundfunk &#8222;Gewissens-Guerillas&#8220; am 12 September 2022 : Bl\u00fchende Zukunft f\u00fcr Hanf? L\u00ebtzebuerger Land am 18 Dezember 2020 : Prophet im eigenen Land Paperjam am 6 [&hellip;]<\/p>\n","protected":false},"author":1,"featured_media":0,"parent":0,"menu_order":0,"comment_status":"closed","ping_status":"closed","template":"","meta":{"footnotes":""},"class_list":["post-79","page","type-page","status-publish","hentry"],"_links":{"self":[{"href":"https:\/\/www.cannadour.lu\/fr\/wp-json\/wp\/v2\/pages\/79","targetHints":{"allow":["GET"]}}],"collection":[{"href":"https:\/\/www.cannadour.lu\/fr\/wp-json\/wp\/v2\/pages"}],"about":[{"href":"https:\/\/www.cannadour.lu\/fr\/wp-json\/wp\/v2\/types\/page"}],"author":[{"embeddable":true,"href":"https:\/\/www.cannadour.lu\/fr\/wp-json\/wp\/v2\/users\/1"}],"replies":[{"embeddable":true,"href":"https:\/\/www.cannadour.lu\/fr\/wp-json\/wp\/v2\/comments?post=79"}],"version-history":[{"count":1,"href":"https:\/\/www.cannadour.lu\/fr\/wp-json\/wp\/v2\/pages\/79\/revisions"}],"predecessor-version":[{"id":154,"href":"https:\/\/www.cannadour.lu\/fr\/wp-json\/wp\/v2\/pages\/79\/revisions\/154"}],"wp:attachment":[{"href":"https:\/\/www.cannadour.lu\/fr\/wp-json\/wp\/v2\/media?parent=79"}],"curies":[{"name":"wp","href":"https:\/\/api.w.org\/{rel}","templated":true}]}}