{"id":70,"date":"2021-02-13T08:44:43","date_gmt":"2021-02-13T08:44:43","guid":{"rendered":"https:\/\/www.cannadour.lu\/?page_id=70"},"modified":"2021-02-13T10:13:49","modified_gmt":"2021-02-13T10:13:49","slug":"die-hanfpflanze","status":"publish","type":"page","link":"https:\/\/www.cannadour.lu\/fr\/die-hanfpflanze\/","title":{"rendered":"Le chanvre"},"content":{"rendered":"<figure class=\"wp-block-image size-medium\"><img loading=\"lazy\" decoding=\"async\" width=\"225\" height=\"300\" src=\"https:\/\/www.cannadour.lu\/wordpress\/wp-content\/uploads\/2021\/02\/Hanf_4-1-225x300.jpg\" alt=\"\" class=\"wp-image-74\" srcset=\"https:\/\/www.cannadour.lu\/wordpress\/wp-content\/uploads\/2021\/02\/Hanf_4-1-225x300.jpg 225w, https:\/\/www.cannadour.lu\/wordpress\/wp-content\/uploads\/2021\/02\/Hanf_4-1-768x1024.jpg 768w, https:\/\/www.cannadour.lu\/wordpress\/wp-content\/uploads\/2021\/02\/Hanf_4-1-1152x1536.jpg 1152w, https:\/\/www.cannadour.lu\/wordpress\/wp-content\/uploads\/2021\/02\/Hanf_4-1-9x12.jpg 9w, https:\/\/www.cannadour.lu\/wordpress\/wp-content\/uploads\/2021\/02\/Hanf_4-1.jpg 1536w\" sizes=\"auto, (max-width: 225px) 100vw, 225px\" \/><\/figure>\n\n\n\n<p class=\"translation-block\">Le chanvre (Cannabis sp.) est une plante cultiv\u00e9e tr\u00e8s ancienne et tr\u00e8s pr\u00e9cieuse, que l' homme a utilis\u00e9 pour de nombreux buts. Elle provient de l' asie centrale depuis environ 34 millions d'ann\u00e9es. Il y a 8000 ann\u00e9es, le chanvre a \u00e9t\u00e9 apprivois\u00e9 par l'\u00eatre humain en Chine. Durant les d\u00e9cennies suivantes, il s'est aussi r\u00e9pandu d'abord en Europe et apr\u00e8s, entre le fin du 16e si\u00e8cle et le d\u00e9but du 17e si\u00e8cle, aussi en Am\u00e9rique du Nord et du Sud.<\/p>\n\n\n\n<p>Le tissu de chanvre a trouv\u00e9 une utilisiation importante et connue dans la navigation, par exemple dans la fabrication de voiles et de cordages, ainsi que  dans la production de textiles et de papier. Le tissu de chanvre est le tissu naturel le plus resistant connu au monde.<\/p>\n\n\n\n<p>Aussi an tant que produit alimentaire ou rem\u00e8de, les plantes de chanvre ont \u00e9t\u00e9 utilis\u00e9es par diff\u00e9rentes peuples civilis\u00e9s en Asie pendant des mill\u00e9naires. Dans les derni\u00e8res ann\u00e9es, une s\u00e9rie de substances actives a \u00e9t\u00e9 identifi\u00e9e chimiquement et leurs fonctions biologiques ont \u00e9t\u00e9  d\u00e9finies en partie.<\/p>\n\n\n\n<p>Les substances biologiques actives du chanvre appartiennent principalement \u00e0 trois diff\u00e9rentes classes chimiques:<\/p>\n\n\n\n<ul class=\"wp-block-list\"><li class=\"translation-block\"><strong><em>acides gras<\/strong><\/em> essentiels, sont des acides gras polyinsatur\u00e9s, dont prinicpalement de l'Om\u00e9ga-3 ( acide alpha linol\u00e9ique) et de l'Om\u00e9ga -6 (acide linol\u00e9ique et acide gamma-linol\u00e9ique). L'huile des grains de chanvre est la seule huile de plante qui contient de l'acide gamma-lino\u00e9lique.<\/li><\/ul>\n\n\n\n<ul class=\"wp-block-list\"><li class=\"translation-block\"><strong><em>cannabino\u00efdes<\/strong><\/em>, sont caract\u00e9ris\u00e9s par leur capacit\u00e9 de cr\u00e9er des liaisons avec des r\u00e9cepteurs cannabino\u00efdes endog\u00e8nes et par ceci d'dagir sur le syst\u00e8me endocannabino\u00efdien humain. Les cannabino\u00efdes se pr\u00e9sentent en haute concentration dans les fleurs de chanvre femelles. Aussi d' autres esp\u00e8ces de plantes, comme par exemple le chapeau de soleil (Echinaceae) produisent des cannabino\u00efdes qui n' ont d' ailleurs pas la structure d' anneau typique  des cannabino\u00efdes du chanvre. Les cannabino\u00efdes qui surviennent le plus souvent dans le chanvre sont le Cannabidiol (CBD), le delta-9-Tetrahydrocannabidiol (THC), et le cannabig\u00e9rol (CBG).<\/li><\/ul>\n\n\n\n<ul class=\"wp-block-list\"><li><strong><em>terp\u00e8nes et terp\u00e8no\u00efdes<\/em><\/strong> : Beaucoup de terp\u00e8nes ont un effet antimircobes et sont aussi responsables pour le go\u00fbt nuanc\u00e9 des substances olfactives des fleurs. Souvent les terp\u00e8nes contenus dans les fleurs de chanvre sont par exemple des myrces, des pin\u00e8nes alpha et des carophylles b\u00e9ta. Ces terp\u00e8nes-ci surviennent aussi dnas d' autres plantes comme par exemple les myrces (entre autre les pins, le gen\u00e9vrier, le gingembre, la menthe, la sauge, l'\u00e9stragon, le carvi, la badiane, le fenouil, l'aneth et le houblon) ou les carophylles b\u00e9ta ( dnas le basiclique, l'or\u00e9gan, le lavendier, le rosmarin, le carvi noir, la cannelle);les pin\u00e8nes alpha ( dans les sapins, l'an\u00e9th, le fenouil, le coriandre, la badiane et le carvi). <em>Myrcen<\/em> (u.a. in Kiefern, Wachholder, Ingwergew\u00e4chsen, Minzen, Salbei, Estragon, K\u00fcmmel, Sternanis, Fenchel, Dill und Hopfen) oder <em>beta-Caryophyllen<\/em> (in Basilikum, Oregano, Lavendel, Rosmarin, Schwarzem K\u00fcmmel, Zimt);<em>&#8211; \u03b1-Pinen<\/em> (in Fichtennadeln, Dill, Fenchel, Koriander, Sternanis und K\u00fcmmel).<\/li><\/ul>","protected":false},"excerpt":{"rendered":"<p>Hanf (Cannabis sp.) ist eine sehr alte und wertvolle Kulturpflanze die der Mensch zu vielen Zwecken nutzte. Sie hat ihren Ursprung in Zentralasien (vor etwa 34 Millionen Jahren). Vor \u00fcber 8000 Jahren wurde der Hanf in China vom Menschen domestiziert. \u00dcber die Jahrtausende hat er sich in Europa, dann, gegen Ende des 16ten und Anfang [&hellip;]<\/p>\n","protected":false},"author":1,"featured_media":0,"parent":0,"menu_order":0,"comment_status":"closed","ping_status":"closed","template":"","meta":{"footnotes":""},"class_list":["post-70","page","type-page","status-publish","hentry"],"_links":{"self":[{"href":"https:\/\/www.cannadour.lu\/fr\/wp-json\/wp\/v2\/pages\/70","targetHints":{"allow":["GET"]}}],"collection":[{"href":"https:\/\/www.cannadour.lu\/fr\/wp-json\/wp\/v2\/pages"}],"about":[{"href":"https:\/\/www.cannadour.lu\/fr\/wp-json\/wp\/v2\/types\/page"}],"author":[{"embeddable":true,"href":"https:\/\/www.cannadour.lu\/fr\/wp-json\/wp\/v2\/users\/1"}],"replies":[{"embeddable":true,"href":"https:\/\/www.cannadour.lu\/fr\/wp-json\/wp\/v2\/comments?post=70"}],"version-history":[{"count":0,"href":"https:\/\/www.cannadour.lu\/fr\/wp-json\/wp\/v2\/pages\/70\/revisions"}],"wp:attachment":[{"href":"https:\/\/www.cannadour.lu\/fr\/wp-json\/wp\/v2\/media?parent=70"}],"curies":[{"name":"wp","href":"https:\/\/api.w.org\/{rel}","templated":true}]}}