{"id":70,"date":"2021-02-13T08:44:43","date_gmt":"2021-02-13T08:44:43","guid":{"rendered":"https:\/\/www.cannadour.lu\/?page_id=70"},"modified":"2021-02-13T10:13:49","modified_gmt":"2021-02-13T10:13:49","slug":"die-hanfpflanze","status":"publish","type":"page","link":"https:\/\/www.cannadour.lu\/de\/die-hanfpflanze\/","title":{"rendered":"Die Hanfpflanze"},"content":{"rendered":"\n<figure class=\"wp-block-image size-medium\"><img loading=\"lazy\" decoding=\"async\" width=\"225\" height=\"300\" src=\"https:\/\/www.cannadour.lu\/wordpress\/wp-content\/uploads\/2021\/02\/Hanf_4-1-225x300.jpg\" alt=\"\" class=\"wp-image-74\" srcset=\"https:\/\/www.cannadour.lu\/wordpress\/wp-content\/uploads\/2021\/02\/Hanf_4-1-225x300.jpg 225w, https:\/\/www.cannadour.lu\/wordpress\/wp-content\/uploads\/2021\/02\/Hanf_4-1-768x1024.jpg 768w, https:\/\/www.cannadour.lu\/wordpress\/wp-content\/uploads\/2021\/02\/Hanf_4-1-1152x1536.jpg 1152w, https:\/\/www.cannadour.lu\/wordpress\/wp-content\/uploads\/2021\/02\/Hanf_4-1-9x12.jpg 9w, https:\/\/www.cannadour.lu\/wordpress\/wp-content\/uploads\/2021\/02\/Hanf_4-1.jpg 1536w\" sizes=\"auto, (max-width: 225px) 100vw, 225px\" \/><\/figure>\n\n\n\n<p>Hanf (<em>Cannabis<\/em> sp.) ist eine sehr alte und wertvolle Kulturpflanze die der Mensch zu vielen Zwecken nutzte. Sie hat ihren Ursprung in Zentralasien (vor etwa 34 Millionen Jahren). Vor \u00fcber 8000 Jahren wurde der Hanf in China vom Menschen domestiziert. \u00dcber die Jahrtausende hat er sich in Europa, dann, gegen Ende des 16<sup>ten<\/sup> und Anfang des 17<sup>ten<\/sup> Jahrhunderts, auch in S\u00fcd- und Nordamerika verbreitet.<\/p>\n\n\n\n<p>Eine bekannte Anwendung haben die Hanffasern in der Schiffahrt, z.B. in der Herstellung von Segeln und Schiffstauen, sowie von Textilien und Papier gefunden. Hanffasern sind die resistentesten Naturfasern die der Mensch kennt.<\/p>\n\n\n\n<p>Auch als Ern\u00e4hrungs- und Heilmittel wurden Hanfpflanzen \u00fcber Jahrtausende von verschiedenen Kulturv\u00f6lkern in Asien benutzt. Eine Reihe von aktiven Komponenten wurden in den letzten hundert Jahren chemisch identifiziert, und ihre biologischen Funktionen wurden zum Teil erl\u00e4utert.<\/p>\n\n\n\n<p>Die biologisch aktiven Hanfkomponenten geh\u00f6ren haupts\u00e4chlich drei verschiedenen chemischen Familien an:<\/p>\n\n\n\n<ul class=\"wp-block-list\"><li>essentielle <strong><em>Fetts\u00e4uren<\/em><\/strong><em>,<\/em> sind mehrfach unges\u00e4ttigte Fetts\u00e4uren, haupts\u00e4chlich Omega-3 (Alpha-Linolens\u00e4ure) und Omega-6 (Linols\u00e4ure und Gamma-Linolens\u00e4ure) Fetts\u00e4uren. Hanfsamen\u00f6l ist das einzige Pflanzen\u00f6l welches die Gamma-Linolens\u00e4ure enth\u00e4lt.<\/li><\/ul>\n\n\n\n<ul class=\"wp-block-list\"><li> <strong><em>Cannabinoide<\/em><\/strong><em>,<\/em> sind charakterisiert durch ihre F\u00e4higkeit Bindungen mit endogenen Cannabinoid-Rezeptoren einzugehen und somit auf das menschliche Endocannabinoid-System zu wirken. Cannabinoide () kommen in h\u00f6heren Konzentrationen in weiblichen Hanfbl\u00fcten vor. Auch andere Pflanzenarten, z.B. die Sonnenh\u00fcte (<em>Echinaceae<\/em>) produzieren Cannabinoide welche allerdings nicht die typische Ringstruktur der Hanf-Cannabinoide enthalten. Die am h\u00e4ufigsten in Hanfpflanzen vorkommenden Cannabinoide sind <em>Cannabidiol <\/em>(CBD), <em>delta-9-Tetrahydrocannabinol<\/em> (THC), und <em>Cannabigerol<\/em> (CBG).<\/li><\/ul>\n\n\n\n<ul class=\"wp-block-list\"><li><strong><em>Terpene und Terpenoide<\/em><\/strong> : Viele Terpene wirken antimikrobiell und sind auch verantwortlich f\u00fcr den Geschmack von Gew\u00fcrzen oder das Aroma von Bl\u00fctenduftstoffen. H\u00e4ufig in Hanfbl\u00fcten vorkommende Terpene sind z. B. Myrcen, alpha-Pinen und beta-Caryophyllen. Diese Terpene kommen noch in anderen Pflanzen vor, wie z.B. <em>Myrcen<\/em> (u.a. in Kiefern, Wachholder, Ingwergew\u00e4chsen, Minzen, Salbei, Estragon, K\u00fcmmel, Sternanis, Fenchel, Dill und Hopfen) oder <em>beta-Caryophyllen<\/em> (in Basilikum, Oregano, Lavendel, Rosmarin, Schwarzem K\u00fcmmel, Zimt);<em>&#8211; \u03b1-Pinen<\/em> (in Fichtennadeln, Dill, Fenchel, Koriander, Sternanis und K\u00fcmmel).<\/li><\/ul>\n","protected":false},"excerpt":{"rendered":"<p>Hanf (Cannabis sp.) ist eine sehr alte und wertvolle Kulturpflanze die der Mensch zu vielen Zwecken nutzte. Sie hat ihren Ursprung in Zentralasien (vor etwa 34 Millionen Jahren). Vor \u00fcber 8000 Jahren wurde der Hanf in China vom Menschen domestiziert. \u00dcber die Jahrtausende hat er sich in Europa, dann, gegen Ende des 16ten und Anfang [&hellip;]<\/p>\n","protected":false},"author":1,"featured_media":0,"parent":0,"menu_order":0,"comment_status":"closed","ping_status":"closed","template":"","meta":{"footnotes":""},"class_list":["post-70","page","type-page","status-publish","hentry"],"_links":{"self":[{"href":"https:\/\/www.cannadour.lu\/de\/wp-json\/wp\/v2\/pages\/70","targetHints":{"allow":["GET"]}}],"collection":[{"href":"https:\/\/www.cannadour.lu\/de\/wp-json\/wp\/v2\/pages"}],"about":[{"href":"https:\/\/www.cannadour.lu\/de\/wp-json\/wp\/v2\/types\/page"}],"author":[{"embeddable":true,"href":"https:\/\/www.cannadour.lu\/de\/wp-json\/wp\/v2\/users\/1"}],"replies":[{"embeddable":true,"href":"https:\/\/www.cannadour.lu\/de\/wp-json\/wp\/v2\/comments?post=70"}],"version-history":[{"count":0,"href":"https:\/\/www.cannadour.lu\/de\/wp-json\/wp\/v2\/pages\/70\/revisions"}],"wp:attachment":[{"href":"https:\/\/www.cannadour.lu\/de\/wp-json\/wp\/v2\/media?parent=70"}],"curies":[{"name":"wp","href":"https:\/\/api.w.org\/{rel}","templated":true}]}}