{"id":26,"date":"2021-02-06T08:52:29","date_gmt":"2021-02-06T08:52:29","guid":{"rendered":"https:\/\/www.cannadour.lu\/?page_id=26"},"modified":"2021-02-13T10:01:13","modified_gmt":"2021-02-13T10:01:13","slug":"willkommen","status":"publish","type":"page","link":"https:\/\/www.cannadour.lu\/de\/","title":{"rendered":"Willkommen"},"content":{"rendered":"\n<figure class=\"wp-block-image size-large\"><img loading=\"lazy\" decoding=\"async\" width=\"1024\" height=\"384\" src=\"https:\/\/www.cannadour.lu\/wordpress\/wp-content\/uploads\/2021\/02\/8956c592067578cb08a416601aa4b9f6398649e8-1024x384.jpg\" alt=\"Norbert Eilenbecker und Andr\u00e9 Steinmetz\" class=\"wp-image-68\" title=\"Norbert Eilenbecker und Andr\u00e9 Steinmetz\" srcset=\"https:\/\/www.cannadour.lu\/wordpress\/wp-content\/uploads\/2021\/02\/8956c592067578cb08a416601aa4b9f6398649e8-1024x384.jpg 1024w, https:\/\/www.cannadour.lu\/wordpress\/wp-content\/uploads\/2021\/02\/8956c592067578cb08a416601aa4b9f6398649e8-300x113.jpg 300w, https:\/\/www.cannadour.lu\/wordpress\/wp-content\/uploads\/2021\/02\/8956c592067578cb08a416601aa4b9f6398649e8-768x288.jpg 768w, https:\/\/www.cannadour.lu\/wordpress\/wp-content\/uploads\/2021\/02\/8956c592067578cb08a416601aa4b9f6398649e8-1536x576.jpg 1536w, https:\/\/www.cannadour.lu\/wordpress\/wp-content\/uploads\/2021\/02\/8956c592067578cb08a416601aa4b9f6398649e8-16x6.jpg 16w, https:\/\/www.cannadour.lu\/wordpress\/wp-content\/uploads\/2021\/02\/8956c592067578cb08a416601aa4b9f6398649e8.jpg 1600w\" sizes=\"auto, (max-width: 1024px) 100vw, 1024px\" \/><\/figure>\n\n\n\n<p>Cannad&#8217;Our s\u00e0rl wurde im Jahr 2013 von Andr\u00e9 Steinmetz und Norbert Eilenbecker gegr\u00fcndet.<\/p>\n","protected":false},"excerpt":{"rendered":"<p>Cannad&#8217;Our s\u00e0rl wurde im Jahr 2013 von Andr\u00e9 Steinmetz und Norbert Eilenbecker gegr\u00fcndet.<\/p>\n","protected":false},"author":1,"featured_media":0,"parent":0,"menu_order":0,"comment_status":"closed","ping_status":"closed","template":"","meta":{"footnotes":""},"class_list":["post-26","page","type-page","status-publish","hentry"],"_links":{"self":[{"href":"https:\/\/www.cannadour.lu\/de\/wp-json\/wp\/v2\/pages\/26","targetHints":{"allow":["GET"]}}],"collection":[{"href":"https:\/\/www.cannadour.lu\/de\/wp-json\/wp\/v2\/pages"}],"about":[{"href":"https:\/\/www.cannadour.lu\/de\/wp-json\/wp\/v2\/types\/page"}],"author":[{"embeddable":true,"href":"https:\/\/www.cannadour.lu\/de\/wp-json\/wp\/v2\/users\/1"}],"replies":[{"embeddable":true,"href":"https:\/\/www.cannadour.lu\/de\/wp-json\/wp\/v2\/comments?post=26"}],"version-history":[{"count":0,"href":"https:\/\/www.cannadour.lu\/de\/wp-json\/wp\/v2\/pages\/26\/revisions"}],"wp:attachment":[{"href":"https:\/\/www.cannadour.lu\/de\/wp-json\/wp\/v2\/media?parent=26"}],"curies":[{"name":"wp","href":"https:\/\/api.w.org\/{rel}","templated":true}]}}